{"id":3,"date":"2024-07-01T07:11:19","date_gmt":"2024-07-01T07:11:19","guid":{"rendered":"https:\/\/smetric.com.tr\/tasarim\/?page_id=3"},"modified":"2024-07-11T14:34:03","modified_gmt":"2024-07-11T14:34:03","slug":"privacy-policy","status":"publish","type":"page","link":"https:\/\/smetria.com.tr\/en\/privacy-policy\/","title":{"rendered":"Privacy Policy"},"content":{"rendered":"<div data-elementor-type=\"wp-page\" data-elementor-id=\"3\" class=\"elementor elementor-3\">\n\t\t\t\t\t\t\t\t\t<section data-particle_enable=\"false\" data-particle-mobile-disabled=\"false\" class=\"elementor-section elementor-top-section elementor-element elementor-element-5cb0a68e elementor-section-boxed elementor-section-height-default elementor-section-height-default\" data-id=\"5cb0a68e\" data-element_type=\"section\">\n\t\t\t\t\t\t<div class=\"elementor-container elementor-column-gap-default\">\n\t\t\t\t\t<div class=\"elementor-column elementor-col-100 elementor-top-column elementor-element elementor-element-76904d6e\" data-id=\"76904d6e\" data-element_type=\"column\">\n\t\t\t<div class=\"elementor-widget-wrap elementor-element-populated\">\n\t\t\t\t\t\t\t\t<div class=\"elementor-element elementor-element-4e27e414 elementor-widget elementor-widget-text-editor\" data-id=\"4e27e414\" data-element_type=\"widget\" data-widget_type=\"text-editor.default\">\n\t\t\t\t<div class=\"elementor-widget-container\">\n\t\t\t<style>\/*! elementor - v3.9.1 - 14-12-2022 *\/\n.elementor-widget-text-editor.elementor-drop-cap-view-stacked .elementor-drop-cap{background-color:#818a91;color:#fff}.elementor-widget-text-editor.elementor-drop-cap-view-framed .elementor-drop-cap{color:#818a91;border:3px solid;background-color:transparent}.elementor-widget-text-editor:not(.elementor-drop-cap-view-default) .elementor-drop-cap{margin-top:8px}.elementor-widget-text-editor:not(.elementor-drop-cap-view-default) .elementor-drop-cap-letter{width:1em;height:1em}.elementor-widget-text-editor .elementor-drop-cap{float:left;text-align:center;line-height:1;font-size:50px}.elementor-widget-text-editor .elementor-drop-cap-letter{display:inline-block}<\/style>\t\t\t\t<p><!-- wp:heading --><\/p>\n<p>\u0130\u015fbu s\u00f6zle\u015fmede Smetria, -site-, bu siteye her ne surette olursa olsun bilgi veren, kullanan, giri\u015f yapanlar ve sair de \u2013kullan\u0131c\u0131- olarak adland\u0131r\u0131lacakt\u0131r.<\/p>\n<p>Bu site, t\u00fcm ziyaret\u00e7ilerinin gizliliklerini korumakla sorumludur. Ancak bu sorumlulu\u011fu, internet ortam\u0131n\u0131n gerektirdi\u011fi ko\u015fullar i\u00e7erisinde sa\u011flanan en \u00fcst d\u00fczey gizlili\u011fi i\u00e7ermekte olup, internet ortam\u0131n\u0131n hi\u00e7bir zaman tam g\u00fcvenli\u011finin sa\u011flanamad\u0131\u011f\u0131 hususunun da burada belirtilmesi gerekmektedir.<\/p>\n<p>Site gizlilik haklar\u0131n\u0131za sayg\u0131 duyar ve kullan\u0131c\u0131n\u0131n sa\u011flad\u0131\u011f\u0131 her t\u00fcrl\u00fc bilgi site taraf\u0131ndan sakl\u0131 tutulur. Sadece yetkili bir Smetria g\u00f6revlisi site ile payla\u015ft\u0131\u011f\u0131n\u0131z bilgilere eri\u015febilir.<\/p>\n<p>Smetria Dijital Pazarlama Ajans\u0131n\u2019daki bilgiler sadece kullan\u0131c\u0131n\u0131n g\u00f6nderdi\u011fi bilgilerden olu\u015fur ve kullan\u0131c\u0131n\u0131n onay\u0131 olmadan herhangi bir bilgi toplanmaz. Veri toplanmas\u0131n\u0131n nedeni, kullan\u0131c\u0131lar\u0131 Smetria Dijital Pazarlama Ajans\u0131n\u2019daki son yeniliklerden ve bilgilerden haberdar etmektir. Site, g\u00fcvenli bir site olmakla beraber, internet ortam\u0131n\u0131n hi\u00e7bir zaman tam g\u00fcvenli\u011finin sa\u011flanamamas\u0131 nedeniyle, \u00fc\u00e7\u00fcnc\u00fc \u015fah\u0131slar\u0131n yasal ya da yasal olmayan davran\u0131\u015flar\u0131 sonucunda herhangi bir ki\u015fiye \/ ki\u015filere verebilece\u011fi hasarlardan sorumlu tutulamaz.<\/p>\n<p>Smetria Dijital Pazarlama Ajans\u0131\u2018na verdi\u011finiz bilgiler hi\u00e7bir \u015fekilde \u00fc\u00e7\u00fcnc\u00fc \u015fah\u0131slara iletilmez \/ sat\u0131lmaz. Smetria Dijital Pazarlama Ajans\u0131 \u00fc\u00e7\u00fcnc\u00fc \u015fah\u0131slar taraf\u0131ndan idare edilen internet sitelerine ba\u011flant\u0131lar ve y\u00f6nlendiriciler i\u00e7ermektedir.<\/p>\n<p><\/p>\n<p>Bu sitelerdeki bilgiler, \u00fcr\u00fcnler ve hizmetler Smetria Dijital Pazarlama Ajans\u0131 taraf\u0131ndan i\u015fletilmemekte ve denetlenmemektedir. Smetria Dijital Pazarlama Ajans\u0131 kanal\u0131 ile ba\u011fland\u0131\u011f\u0131n\u0131z di\u011fer sitelerde yay\u0131nlanan i\u00e7erik ve sorunlar ba\u011flan\u0131lan sitenin sorumlulu\u011fu alt\u0131ndad\u0131r. Ba\u011flan\u0131lan sitelerdeki i\u00e7erikler ve sorunlar nedeniyle Smetria Dijital Pazarlama Ajans\u0131\u2018na sorumluluk y\u00fcklenemez.<\/p>\n<p>T\u00fcm ziyaret\u00e7ilerin gizliliklerini sa\u011flamak i\u00e7in, Sitemiz yoluyla derlenen ya da iletilen t\u00fcm bilgileri kontrol eden ayr\u0131nt\u0131l\u0131 bir Gizlilik S\u00f6zle\u015fmesi haz\u0131rlam\u0131\u015f bulunuyoruz. Siteye eri\u015fmek, siteyi g\u00f6r\u00fcnt\u00fclemek veya kullanmak vas\u0131tas\u0131 ile, Smetria Dijital Pazarlama Ajans\u0131\u2018n\u0131n Gizlilik S\u00f6zle\u015fmesi\u2019ni okudu\u011funuzu, anlad\u0131\u011f\u0131n\u0131z\u0131 ve kabul etti\u011finizi bildirmi\u015f olmaktas\u0131n\u0131z. E\u011fer s\u00f6zle\u015fme \u015fart ve ko\u015fullar\u0131n\u0131 onaylam\u0131yorsan\u0131z, l\u00fctfen siteye eri\u015fmeyiniz, siteyi g\u00f6r\u00fcnt\u00fclemeyiniz veya kullanmay\u0131n\u0131z. Siteye eri\u015fti\u011finiz ve girdi\u011finiz anda, i\u015fbu s\u00f6zle\u015fmeyi kabul etmi\u015f say\u0131l\u0131rs\u0131n\u0131z.<\/p>\n<p><\/p>\n<p><b>1-Ki\u015fisel Olmayan ve Derleme Bilgi<\/b><\/p>\n<p>Sitemizi ziyaret etti\u011finizde, alan ad\u0131n\u0131za sitemize giri\u015f yapt\u0131\u011f\u0131n\u0131z Web sayfas\u0131n\u0131n ad\u0131, Sitemizde ziyaret etti\u011finiz sayfalar ve her bir sayfada ne kadar s\u00fcre harcad\u0131\u011f\u0131n\u0131z gibi genel bilgileri kaydedebiliriz. Bu bilgileri, Sitemizi d\u00fczenli olarak izleme ve geli\u015ftirmenin yan\u0131 s\u0131ra, dahili analiz i\u00e7in kullan\u0131yoruz. E\u011filimlerin analiz edilmesi, Sitenin y\u00f6netilmesi, kullan\u0131c\u0131n\u0131n hareketlerinin izlenmesi ve toplu kullan\u0131m i\u00e7in bilginin toplanmas\u0131 i\u00e7in genellikle IP adreslerini kullan\u0131yoruz (IP adresleri ki\u015fisel tan\u0131mlama bilgileri ile ba\u011flant\u0131l\u0131 de\u011fildir).<\/p>\n<p><\/p>\n<p><b>2-Ki\u015fisel Bilgi<\/b><\/p>\n<p>Sitemizi ziyaret eden bir kimse olarak, site yoluyla bir soru g\u00f6nderdi\u011finizde, belirli bir hizmet i\u00e7in kay\u0131t olurken veya ba\u015fvuruda bulunurken, bize ki\u015fisel bilgilerinizi g\u00f6ndermek amac\u0131yla siteyi kullanmay\u0131 tercih edebilirsiniz. Sizin r\u0131zan\u0131z\u0131n oldu\u011fu veya kanunun gerektirdi\u011fi haller d\u0131\u015f\u0131nda, belirli bir ama\u00e7 i\u00e7in siteyi kullanarak ki\u015fisel bilgilerinizi her yollay\u0131\u015f\u0131n\u0131zda, bilgileriniz sadece bu ama\u00e7 i\u00e7in kullan\u0131l\u0131r.<\/p>\n<p><\/p>\n<p>Bu site kanal\u0131yla Smetria Dijital Pazarlama Ajans\u0131\u2018na ki\u015fisel bilgi g\u00f6nderdi\u011finizde, bu bilginin ulusal s\u0131n\u0131rlar d\u0131\u015f\u0131na ta\u015f\u0131nabilece\u011fini ve \u00fclkenizdeki mahremiyeti koruyucu s\u00f6zle\u015fmelere benzer kanunlar\u0131 sa\u011flamayabilecek bir ba\u015fka \u00fclkede saklanarak i\u015flem g\u00f6rebilece\u011fini anlam\u0131\u015f ve kabul etmi\u015f say\u0131l\u0131rs\u0131n\u0131z.<\/p>\n<p><\/p>\n<p>Zaman i\u00e7erisinde yeni Smetria Dijital Pazarlama Ajans\u0131 \u00fcr\u00fcn ve servislerini duyuran elektronik posta g\u00f6nderebiliriz. Yukar\u0131da belirtilenin d\u0131\u015f\u0131nda Smetria Dijital Pazarlama Ajans\u0131, almay\u0131 kabul etmedi\u011finiz elektronik postalar\u0131 size yollamayacakt\u0131r. E\u011fer online bir form i\u00e7erisinde adres bilginizi yazarsan\u0131z, di\u011fer \u00fc\u00e7\u00fcnc\u00fc \u015fah\u0131s \u015firketlerden posta alabilirsiniz. Al\u0131nan bu postalardan ve i\u00e7eriklerinden Smetria Dijital Pazarlama Ajans\u0131 sorumlu de\u011fildir.<\/p>\n<p><\/p>\n<p><b>3-Cookiler<\/b><\/p>\n<p>Zaman i\u00e7erisinde, Smetria Dijital Pazarlama Ajans\u0131 veya ortaklar\u0131 bilgisayar\u0131n\u0131za bir \u201ccookie\u201d g\u00f6nderebilir. Bir cookie, bir Web sunucusu taraf\u0131ndan \u0130nternet taray\u0131c\u0131n\u0131za g\u00f6nderilen ve daha sonra bilgisayar\u0131n\u0131z\u0131n haf\u0131zas\u0131nda depolanan, k\u00fc\u00e7\u00fck verilerdir. Bir cookie, bilgisayar\u0131n\u0131z\u0131n haf\u0131zas\u0131ndan veya di\u011fer Web sayfalar\u0131nca yarat\u0131lm\u0131\u015f cookie dosyalar\u0131ndan veri sa\u011flayamaz. Cookie\u2019ler sisteminize zarar vermez.<\/p>\n<p><\/p>\n<p>Cookie\u2019leri, Smetria Dijital Pazarlama Ajans\u0131 a\u011f\u0131n\u0131n hangi alanlar\u0131n\u0131 ziyaret etti\u011finizi veya d\u00fczenledi\u011finizi g\u00f6rmek i\u00e7in kullanabiliriz, b\u00f6ylelikle siteyi bir dahaki ziyaretinizde bu sayfalar kolayl\u0131kla eri\u015filebilir olacakt\u0131r. Ortaklar\u0131m\u0131z ve alt kurulu\u015flar ayr\u0131ca, bir sayfay\u0131 ka\u00e7 sefer g\u00f6rm\u00fc\u015f oldu\u011funuzu ara\u015ft\u0131rabilirler. Ortaklar\u0131m\u0131z, alt kurulu\u015flar ve biz; Sitede g\u00f6rd\u00fc\u011f\u00fcn\u00fcz i\u00e7eri\u011fi, banner\u2019lar\u0131 ve promosyonlar\u0131 daha iyi bir \u015fekilde ki\u015fiselle\u015ftirmek amac\u0131yla kullanabiliriz.<\/p>\n<p><\/p>\n<p>Internet taray\u0131c\u0131n\u0131z\u0131n ayarlar\u0131n\u0131 de\u011fi\u015ftirerek cookie\u2019leri reddedebilir yada bilgisayar\u0131n\u0131za bir cookie g\u00f6nderildi\u011finde taray\u0131c\u0131n\u0131z\u0131n sizi uyarmas\u0131n\u0131 sa\u011flayabilirsiniz. Taray\u0131c\u0131n\u0131z\u0131n ayarlar\u0131n\u0131 ba\u015flang\u0131\u00e7taki haline d\u00f6nd\u00fcrerek genellikle t\u00fcm cookie\u2019leri kabul etmi\u015f olursunuz. Cookie\u2019leri reddetmeyi se\u00e7erseniz, Sitemizde ve di\u011fer Web sitelerinde kar\u015f\u0131la\u015faca\u011f\u0131n\u0131z uygulamalar azalabilir ve baz\u0131 \u00f6zellikler istenen \u015fekilde \u00e7al\u0131\u015fmayabilir. Bu azalan uygulamalardan ve aksakl\u0131klardan Smetria Dijital Pazarlama Ajans\u0131 sorumlu de\u011fildir.<\/p>\n<p><b>4-Payla\u015f\u0131m<\/b><\/p>\n<p>Ki\u015fisel olmayan derlenmi\u015f bilgiyi m\u00fc\u015fterilerimizle, ortaklar\u0131m\u0131zla ve reklamc\u0131larla payla\u015fabiliriz. Derlenmi\u015f olan bilginin, bir kimseyi veya Web sayfas\u0131n\u0131 tan\u0131mlamaya yard\u0131mc\u0131 olabilecek herhangi ki\u015fisel bilgi ile ba\u011flant\u0131s\u0131 bulunmamaktad\u0131r. Sizin izninizin al\u0131nd\u0131\u011f\u0131 veya kanunun gerektirdi\u011fi haller d\u0131\u015f\u0131nda, Sitemiz yoluyla sizin sa\u011flam\u0131\u015f oldu\u011funuz ki\u015fisel bilgiyi sadece Smetria Dijital Pazarlama Ajans\u0131 ortaklar\u0131 ve\/veya bizim yarar\u0131m\u0131za \u00e7al\u0131\u015fan i\u015f ortaklar\u0131 ile payla\u015fmaktay\u0131z.<\/p>\n<p><b>5-Veri G\u00fcvenli\u011fi<\/b><\/p>\n<p>\u0130zinsiz giri\u015fi engellemek, veri do\u011frulu\u011funu s\u00fcrd\u00fcrmek ve bilginin do\u011fru kullan\u0131m\u0131n\u0131 sa\u011flamak i\u00e7in, site kanal\u0131yla toplam\u0131\u015f oldu\u011fumuz bilgiyi koruyan ve g\u00fcvenli\u011fini sa\u011flayan uygun fiziksel, elektronik ve y\u00f6netimsel prosed\u00fcrleri uygulamaktay\u0131z. Ancak t\u00fcm gayretine ra\u011fmen Smetria Dijital Pazarlama Ajans\u0131, ki\u015fisel bilgilerinizin Smetria Dijital Pazarlama Ajans\u0131 sistemlerinden yasal olmayan yollarla elde edilemeyece\u011fini garanti edemez. Smetria Dijital Pazarlama Ajans\u0131\u2018n\u0131n, ki\u015fisel bilgilerinizi Smetria Dijital Pazarlama Ajans\u0131\u2018n\u0131n sitesine g\u00f6nderdi\u011finiz genel ve \u00fc\u00e7\u00fcnc\u00fc \u015fah\u0131s ileti\u015fim a\u011flar\u0131na garanti vermedi\u011fini ve bu a\u011flar \u00fczerinde herhangi bir denetiminin olmad\u0131\u011f\u0131n\u0131 l\u00fctfen unutmay\u0131n\u0131z.<\/p>\n<p><\/p>\n<p><b>6-\u00c7ocuklar\u0131n g\u00fcvenli\u011fi<\/b><\/p>\n<p>\u00c7ocuklar\u0131n mahremiyetinin korunmas\u0131 \u00f6zellikle \u00f6nemlidir. Bu sebepten \u00f6t\u00fcr\u00fc Sitemizde, 18 ya\u015f\u0131ndan k\u00fc\u00e7\u00fck oldu\u011funu bildi\u011fimiz kimseler hakk\u0131nda asla bilgi toplam\u0131yor ve d\u00fczenlemiyoruz ve Sitemizin hi\u00e7bir k\u0131sm\u0131 18 ya\u015f\u0131ndan k\u00fc\u00e7\u00fcklerin ilgisini \u00e7ekmek i\u00e7in tasarlanmam\u0131\u015ft\u0131r.<\/p>\n<p><b>7-Ba\u011flant\u0131l\u0131 siteler<\/b><\/p>\n<p>Bu Site, \u00fczerine t\u0131kland\u0131\u011f\u0131nda sizi belge i\u00e7erisinde ba\u015fka bir yere, tamamen farkl\u0131 bir belgeye veya Smetria Dijital Pazarlama Ajans\u0131 taraf\u0131ndan kontrol edilmeyen ba\u015fka Web sitelerine ta\u015f\u0131yan link\u2019ler i\u00e7ermektedir. Ba\u011flant\u0131 verilmi\u015f olan bu Web siteleri, burada belirtilmi\u015f olan gizlilik h\u00fck\u00fcmlerinden farkl\u0131 ko\u015fullar i\u00e7erebilir. Bu Web siteleri kanal\u0131yla toplanm\u0131\u015f olan bilginin derlenmesi, kullan\u0131m\u0131 veya if\u015fa edilmesinden Smetria Dijital Pazarlama Ajans\u0131 sorumlu de\u011fildir ve a\u00e7\u0131k ve net bir \u015fekilde, bu tip bir derleme, kullan\u0131m veya if\u015fadan \u00f6t\u00fcr\u00fc ortaya \u00e7\u0131kabilecek sorumlulu\u011fu kabul etmemektedir.<\/p>\n<p>Link verilmi\u015f olan sitelere giri\u015fte ve sonras\u0131nda \u00e7\u0131kabilecek sorunlardan hi\u00e7bir \u015fekilde Smetria Dijital Pazarlama Ajans\u0131 sorumlu de\u011fildir. Ba\u015fka sitelere ait linkleri Smetria Dijital Pazarlama Ajans\u0131 sitesinde yer alm\u0131\u015f olmas\u0131, o sitelerin g\u00fcvenli oldu\u011fu anlam\u0131na gelmez ve tamamen sizin sorumlulu\u011funuzdad\u0131r. Linke t\u0131klad\u0131\u011f\u0131n\u0131z anda Smetria Dijital Pazarlama Ajans\u0131 alan\u0131ndan \u00e7\u0131km\u0131\u015f oldu\u011funu ve bu a\u015famadan sonra Smetria Dijital Pazarlama Ajans\u0131\u2018n\u0131n hi\u00e7bir \u015fekilde sorumlulu\u011funun olmad\u0131\u011f\u0131n\u0131 kullan\u0131c\u0131 kabul eder.<\/p>\n<p>Sitemizin kullan\u0131m\u0131 s\u0131ras\u0131nda olu\u015fabilecek herhangi bir hata, kesinti, bilgi naklinde gecikme, bilgisayar vir\u00fcs\u00fc, hat ve elektrik ar\u0131zas\u0131 sonucunda ortaya \u00e7\u0131kabilecek do\u011frudan veya dolayl\u0131 zarar, ziyan ve masraflardan Smetria Dijital Pazarlama Ajans\u0131 sorumlu de\u011fildir.<\/p>\n<p>Smetria Dijital Pazarlama Ajans\u0131, \u00fc\u00e7\u00fcnc\u00fc \u015fah\u0131slar taraf\u0131ndan idare edilen internet sitelerine ba\u011flant\u0131lar ve y\u00f6nlendiriciler sa\u011flamaktad\u0131r. Ancak, bu sitelerin i\u00e7eriklerini denetlememekte ve bu sitelerin kullan\u0131m\u0131ndan do\u011fabilecek her t\u00fcrl\u00fc zararlara kar\u015f\u0131 Smetria Dijital Pazarlama Ajans\u0131 taraf\u0131ndan garanti verilmemektedir.<\/p>\n<p>Ayn\u0131 \u015fekilde, ba\u015fka sitelerden Smetria Dijital Pazarlama Ajans\u0131\u2018n\u0131n izni olsun ya da olmas\u0131n Smetria Dijital Pazarlama Ajans\u0131 sitesine link verildi\u011finde de, bu t\u00fcr linklerin kontrol edilememesinden kaynaklanan yap\u0131 nedeniyle Smetria Dijital Pazarlama Ajans\u0131\u2018n\u0131n herhangi bir sorumlulu\u011fu bulunmamaktad\u0131r.<\/p>\n<p>Sitemizde yer alan bilgi, materyal ve bunlar\u0131n d\u00fczenlenmesi konusundaki telif haklar\u0131 Smetria Dijital Pazarlama Ajans\u0131\u2018na aittir. Sitemiz materyallerine ait t\u00fcm telif haklar\u0131, tescilli marka, patent, entelekt\u00fcel ve di\u011fer m\u00fclkiyet haklar\u0131 Smetria Dijital Pazarlama Ajans\u0131\u2018nda sakl\u0131d\u0131r. Bir ki\u015fi ve\/veya kurulu\u015f, \u00f6nceden Smetria Dijital Pazarlama Ajans\u0131\u2018n\u0131n iznini almad\u0131k\u00e7a, sitemizin belli bir k\u0131sm\u0131n\u0131 ba\u015fka bir WEB sitesinde kullan\u0131lamaz, ba\u015fka bir web sitesinin ba\u011flant\u0131s\u0131n\u0131 kuramaz.<\/p>\n<p><\/p>\n<p><b>8-S\u00f6zle\u015fme De\u011fi\u015fiklikleri<\/b><\/p>\n<p>Bu Gizlilik S\u00f6zle\u015fmesi de\u011fi\u015fikli\u011fe tabidir. Smetria Dijital Pazarlama Ajans\u0131 Gizlilik S\u00f6zle\u015fmesi\u2019ndeki herhangi bir de\u011fi\u015fiklik sitede duyurulacakt\u0131r. Site kanal\u0131yla Smetria Dijital Pazarlama Ajans\u0131\u2018na g\u00f6nderilen t\u00fcm bilgiler, de\u011fi\u015ftirilmi\u015f \u015fekliyle Gizlilik S\u00f6zle\u015fmesi\u2019nin \u015fart ve ko\u015fullar\u0131na tabidir.<\/p>\t\t\t\t\t\t<\/div>\n\t\t\t\t<\/div>\n\t\t\t\t\t<\/div>\n\t\t<\/div>\n\t\t\t\t\t\t\t<\/div>\n\t\t<\/section>\n\t\t\t\t\t\t\t<\/div>","protected":false},"excerpt":{"rendered":"<p>\u0130\u015fbu s\u00f6zle\u015fmede Smetria, -site-, bu siteye her ne surette olursa olsun bilgi veren, kullanan, giri\u015f yapanlar ve sair de \u2013kullan\u0131c\u0131- olarak adland\u0131r\u0131lacakt\u0131r. Bu site, t\u00fcm ziyaret\u00e7ilerinin gizliliklerini korumakla sorumludur. Ancak bu sorumlulu\u011fu, internet ortam\u0131n\u0131n gerektirdi\u011fi ko\u015fullar i\u00e7erisinde sa\u011flanan en \u00fcst d\u00fczey gizlili\u011fi i\u00e7ermekte olup, internet ortam\u0131n\u0131n hi\u00e7bir zaman tam g\u00fcvenli\u011finin sa\u011flanamad\u0131\u011f\u0131 hususunun da burada belirtilmesi [&hellip;]<\/p>","protected":false},"author":1,"featured_media":0,"parent":0,"menu_order":0,"comment_status":"closed","ping_status":"open","template":"","meta":{"_seopress_robots_primary_cat":"","_seopress_titles_title":"","_seopress_titles_desc":"","_seopress_robots_index":"","footnotes":""},"class_list":["post-3","page","type-page","status-publish","hentry"],"_links":{"self":[{"href":"https:\/\/smetria.com.tr\/en\/wp-json\/wp\/v2\/pages\/3","targetHints":{"allow":["GET"]}}],"collection":[{"href":"https:\/\/smetria.com.tr\/en\/wp-json\/wp\/v2\/pages"}],"about":[{"href":"https:\/\/smetria.com.tr\/en\/wp-json\/wp\/v2\/types\/page"}],"author":[{"embeddable":true,"href":"https:\/\/smetria.com.tr\/en\/wp-json\/wp\/v2\/users\/1"}],"replies":[{"embeddable":true,"href":"https:\/\/smetria.com.tr\/en\/wp-json\/wp\/v2\/comments?post=3"}],"version-history":[{"count":5,"href":"https:\/\/smetria.com.tr\/en\/wp-json\/wp\/v2\/pages\/3\/revisions"}],"predecessor-version":[{"id":411,"href":"https:\/\/smetria.com.tr\/en\/wp-json\/wp\/v2\/pages\/3\/revisions\/411"}],"wp:attachment":[{"href":"https:\/\/smetria.com.tr\/en\/wp-json\/wp\/v2\/media?parent=3"}],"curies":[{"name":"wp","href":"https:\/\/api.w.org\/{rel}","templated":true}]}}